{"id":414,"date":"2018-12-11T13:31:22","date_gmt":"2018-12-11T13:31:22","guid":{"rendered":"https:\/\/webshop.desapro.hr\/?post_type=product&#038;p=414"},"modified":"2026-02-09T13:38:49","modified_gmt":"2026-02-09T13:38:49","slug":"velika-kutija","status":"publish","type":"product","link":"https:\/\/webshop.desapro.hr\/hr\/product\/velika-kutija\/","title":{"rendered":"Velika kutija (240g)"},"content":{"rendered":"<p>Slatki paket mix arancini, bru\u0161tulani mjenduli, suhe smokve, roga\u010d, lovor<br \/>\n<\/p>","protected":false},"excerpt":{"rendered":"<p>kora ljute naran\u010de, bademi, \u0161e\u0107er, voda, suhe smokve, roga\u010d, lovor<\/p>\n","protected":false},"featured_media":677,"comment_status":"open","ping_status":"closed","template":"","meta":[],"product_cat":[23],"product_tag":[],"_links":{"self":[{"href":"https:\/\/webshop.desapro.hr\/hr\/wp-json\/wp\/v2\/product\/414"}],"collection":[{"href":"https:\/\/webshop.desapro.hr\/hr\/wp-json\/wp\/v2\/product"}],"about":[{"href":"https:\/\/webshop.desapro.hr\/hr\/wp-json\/wp\/v2\/types\/product"}],"replies":[{"embeddable":true,"href":"https:\/\/webshop.desapro.hr\/hr\/wp-json\/wp\/v2\/comments?post=414"}],"wp:featuredmedia":[{"embeddable":true,"href":"https:\/\/webshop.desapro.hr\/hr\/wp-json\/wp\/v2\/media\/677"}],"wp:attachment":[{"href":"https:\/\/webshop.desapro.hr\/hr\/wp-json\/wp\/v2\/media?parent=414"}],"wp:term":[{"taxonomy":"product_cat","embeddable":true,"href":"https:\/\/webshop.desapro.hr\/hr\/wp-json\/wp\/v2\/product_cat?post=414"},{"taxonomy":"product_tag","embeddable":true,"href":"https:\/\/webshop.desapro.hr\/hr\/wp-json\/wp\/v2\/product_tag?post=414"}],"curies":[{"name":"wp","href":"https:\/\/api.w.org\/{rel}","templated":true}]}}